{"id":3,"date":"2022-10-23T12:36:40","date_gmt":"2022-10-23T11:36:40","guid":{"rendered":"https:\/\/about.heliplan.co.uk\/?page_id=3"},"modified":"2023-05-23T13:21:57","modified_gmt":"2023-05-23T12:21:57","slug":"privacy-policy","status":"publish","type":"page","link":"https:\/\/about.heliplan.co.uk\/es\/privacy-policy\/","title":{"rendered":"Pol\u00edtica de Privacidad"},"content":{"rendered":"<p>La pol\u00edtica de privacidad describe la manera en que&nbsp;<strong>Flightcode Ltd<\/strong>&nbsp;utiliza y protege cualquier informaci\u00f3n que t\u00fa nos das cuando utilizas este sitio.<\/p>\n\n\n\n<p><strong>Flightcode Ltd <\/strong>se compromete a asegurar que tu privacidad est\u00e9 protegida. Si te solicitamos que facilites cierta informaci\u00f3n mediante la cual es posible identificarte al utilizar este sitio, puedes tener la certeza de que s\u00f3lo ser\u00e1 utilizada de acuerdo con esta declaraci\u00f3n de privacidad.<\/p>\n\n\n\n<p><strong>Flightcode Ltd <\/strong>podr\u00eda cambiar esta pol\u00edtica peri\u00f3dicamente al actualizar esta p\u00e1gina. Debes consultar esta p\u00e1gina regularmente para asegurarte de estar satisfecho con cualquier cambio. Esta pol\u00edtica entr\u00f3 en vigencia el 24\/10\/2022.<\/p>\n\n\n\n<h2 class=\"wp-block-heading\">Qu\u00e9 recopilamos<\/h2>\n\n\n\n<p>Podremos recopilar la siguiente informaci\u00f3n:<\/p>\n\n\n\n<ul>\n<li>Nombre y direcci\u00f3n de la empresa<\/li>\n\n\n\n<li>Informaci\u00f3n de contacto incluyendo la direcci\u00f3n de correo electr\u00f3nico<\/li>\n\n\n\n<li>Informaci\u00f3n demogr\u00e1fica<\/li>\n\n\n\n<li>Otra informaci\u00f3n pertinente al servicio prestado<\/li>\n<\/ul>\n\n\n\n<p>Por favor ten en cuenta que no se almacena informaci\u00f3n sobre tarjetas de cr\u00e9dito en nuestros servidores. Toda la facturaci\u00f3n es manejada por Opayo.<\/p>\n\n\n\n<h2 class=\"wp-block-heading\">Qu\u00e9 hacemos con la informaci\u00f3n que recopilamos<\/h2>\n\n\n\n<p>Requerimos esta informaci\u00f3n para comprender tus necesidades y prestarte un mejor servicio y, en particular, por los siguientes motivos:<\/p>\n\n\n\n<ul>\n<li>Para prop\u00f3sitos de mantenimiento de registros internos y auditor\u00eda<\/li>\n\n\n\n<li>Para mejorar nuestros productos y servicios<\/li>\n\n\n\n<li>Para informar sobre cambios en nuestra organizaci\u00f3n o servicios<\/li>\n\n\n\n<li>Para personalizar el sitio de acuerdo con tus intereses<\/li>\n<\/ul>\n\n\n\n<p>Peri\u00f3dicamente podr\u00edamos enviar correos electr\u00f3nicos promocionales sobre productos nuevos, ofertas especiales u otra informaci\u00f3n que creamos te puede interesar utilizando la direcci\u00f3n de correo electr\u00f3nico que nos has suministrado.<\/p>\n\n\n\n<p>De vez en cuando tambi\u00e9n podremos utilizar tu informaci\u00f3n para contactarte para prop\u00f3sitos de investigaci\u00f3n de mercado. Podremos contactarte por correo electr\u00f3nico o tel\u00e9fono.<\/p>\n\n\n\n<h2 class=\"wp-block-heading\">Google Maps<\/h2>\n\n\n\n<p>El servicio hace uso de varios Google Maps APIs. Google podr\u00eda recopilar estos datos de acuerdo con la&nbsp;<a href=\"https:\/\/www.google.com\/policies\/privacy\" target=\"_blank\" rel=\"noreferrer noopener\">Pol\u00edtica de Privacidad de Google<\/a>&nbsp;con la cual los usuarios deber\u00edan familiarizarse.<\/p>\n\n\n\n<h2 class=\"wp-block-heading\">Seguridad<\/h2>\n\n\n\n<p>Nos comprometemos a garantizar que tu informaci\u00f3n est\u00e9 segura. A fin de impedir acceso o divulgaci\u00f3n no autorizados hemos establecido procedimientos f\u00edsicos, electr\u00f3nicos y de gesti\u00f3n adecuados para salvaguardar y asegurar la informaci\u00f3n que recopilamos online.<\/p>\n\n\n\n<h2 class=\"wp-block-heading\">C\u00f3mo utilizamos cookies<\/h2>\n\n\n\n<p>Una cookie es un fichero de datos peque\u00f1o que solicita permiso para ser colocado en el disco duro de tu ordenador. Las cookies permiten a las aplicaciones web responderte personalmente. La aplicaci\u00f3n web puede adaptar sus operaciones a tus necesidades, a aquello que te gusta y no te gusta al recopilar y recordar informaci\u00f3n sobre tus preferencias.<\/p>\n\n\n\n<p>Utilizamos cookies de registro de tr\u00e1fico para identificar las p\u00e1ginas que se est\u00e1n utilizando. Esto nos ayuda a analizar los datos sobre el tr\u00e1fico de la p\u00e1gina web y mejorar nuestro sitio a fin de adaptarlo a las necesidades de los clientes. S\u00f3lo utilizamos esta informaci\u00f3n para prop\u00f3sitos de an\u00e1lisis estad\u00edstico y luego los datos se borran del sistema.<\/p>\n\n\n\n<p>En general, las cookies nos ayudan a brindarte un mejor sitio web al permitirnos observar qu\u00e9 p\u00e1ginas te resultan \u00fatiles y cu\u00e1les no. Una cookie de ninguna manera nos brinda acceso a tu ordenador ni a ninguna informaci\u00f3n sobre ti, salvo los datos que t\u00fa eliges compartir con nosotros.<\/p>\n\n\n\n<p>Puedes elegir aceptar o rechazar las cookies. La mayor\u00eda de los exploradores web autom\u00e1ticamente aceptan cookies pero en general puedes modificar la configuraci\u00f3n de tu explorador para rechazar las cookies si prefieres. Esto podr\u00eda impedirte aprovechar plenamente el sitio web.<\/p>\n\n\n\n<h2 class=\"wp-block-heading\">Enlaces a otros sitios web<\/h2>\n\n\n\n<p>Nuestro sitio podr\u00e1 contener enlaces a otros sitios web de inter\u00e9s. Sin embargo, una vez que hayas utilizado estos enlaces para salir de nuestro sitio deber\u00edas tener en cuenta que nosotros no tenemos ning\u00fan control sobre ese otro sitio. Por tanto, no podemos ser responsables de la protecci\u00f3n y la privacidad de ninguna informaci\u00f3n que facilites al visitar esos sitios y dichos sitios no se rigen por esta declaraci\u00f3n de privacidad. Debes proceder con cautela y analizar la declaraci\u00f3n de privacidad pertinente al sitio en cuesti\u00f3n.<\/p>\n\n\n\n<h2 class=\"wp-block-heading\">Control de tu informaci\u00f3n personal<\/h2>\n\n\n\n<p>Puedes solicitar detalles de la informaci\u00f3n personal que tenemos sobre ti en virtud de la Ley de Protecci\u00f3n de Datos de 2018. Si deseas una copia de la informaci\u00f3n que tenemos sobre ti te rogamos escribir a&nbsp;<a href=\"mailto:support@heliplan.co.uk\">support@heliplan.co.uk<\/a>.<\/p>\n\n\n\n<p>Si crees que cualquier informaci\u00f3n que tenemos sobre ti es incorrecta o est\u00e1 incompleta, te rogamos escribirnos o enviarnos un mensaje de correo electr\u00f3nico a la direcci\u00f3n m\u00e1s arriba indicada en cuanto sea posible. Corregiremos de inmediato cualquier informaci\u00f3n que pueda ser incorrecta.<\/p>","protected":false},"excerpt":{"rendered":"<p>This privacy policy sets out how&nbsp;Flightcode Ltd&nbsp;uses and protects any information that you give us when you use this website. Flightcode Ltd is committed to ensuring that your privacy is protected. Should we ask you to provide certain information by which you can be identified when using this website, then you can be assured that<\/p>","protected":false},"author":1,"featured_media":0,"parent":0,"menu_order":0,"comment_status":"closed","ping_status":"open","template":"","meta":{"footnotes":""},"acf":[],"_links":{"self":[{"href":"https:\/\/about.heliplan.co.uk\/es\/wp-json\/wp\/v2\/pages\/3"}],"collection":[{"href":"https:\/\/about.heliplan.co.uk\/es\/wp-json\/wp\/v2\/pages"}],"about":[{"href":"https:\/\/about.heliplan.co.uk\/es\/wp-json\/wp\/v2\/types\/page"}],"author":[{"embeddable":true,"href":"https:\/\/about.heliplan.co.uk\/es\/wp-json\/wp\/v2\/users\/1"}],"replies":[{"embeddable":true,"href":"https:\/\/about.heliplan.co.uk\/es\/wp-json\/wp\/v2\/comments?post=3"}],"version-history":[{"count":4,"href":"https:\/\/about.heliplan.co.uk\/es\/wp-json\/wp\/v2\/pages\/3\/revisions"}],"predecessor-version":[{"id":6631,"href":"https:\/\/about.heliplan.co.uk\/es\/wp-json\/wp\/v2\/pages\/3\/revisions\/6631"}],"wp:attachment":[{"href":"https:\/\/about.heliplan.co.uk\/es\/wp-json\/wp\/v2\/media?parent=3"}],"curies":[{"name":"wp","href":"https:\/\/api.w.org\/{rel}","templated":true}]}}