{"id":1530,"date":"2021-05-25T16:57:02","date_gmt":"2021-05-25T16:57:02","guid":{"rendered":"https:\/\/pathsoft.kovalweb.com\/?page_id=1530"},"modified":"2023-05-15T12:55:08","modified_gmt":"2023-05-15T11:55:08","slug":"terms-and-conditions","status":"publish","type":"page","link":"https:\/\/about.heliplan.co.uk\/es\/terms-and-conditions\/","title":{"rendered":"T\u00e9rminos y Condiciones"},"content":{"rendered":"<p>Utilizas el Servicio por tu propia cuenta y riesgo. El Servicio se presta \u201ctal como est\u00e1\u201d y \u201ccomo est\u00e1 disponible\u201d.<\/p>\n\n\n\n<p>El apoyo t\u00e9cnico s\u00f3lo se brinda por correo electr\u00f3nico a menos que tengas un contrato de apoyo apropiado.<\/p>\n\n\n\n<p>Entiendes que la Empresa puede utilizar terceros proveedores y socios anfitriones para suministrar el hardware, el software, las redes, el almacenamiento y la tecnolog\u00eda conexa necesarios requeridos para prestar el Servicio.<\/p>\n\n\n\n<p>El Servicio hace uso de diversos Google Maps API. Al utilizar el Servicio, los usuarios tambi\u00e9n est\u00e1n sujetos a los <a href=\"https:\/\/policies.google.com\/terms?hl=en\" data-type=\"URL\" data-id=\"https:\/\/policies.google.com\/terms?hl=en\" target=\"_blank\" rel=\"noreferrer noopener\">T\u00e9rminos de Servicio de Google<\/a>.<\/p>\n\n\n\n<p>Queda prohibida la modificaci\u00f3n, la adaptaci\u00f3n, la ingenier\u00eda inversa o la pirater\u00eda del Servicio.<\/p>\n\n\n\n<p>Queda prohibido a sabiendas transmitir cualquier dato, enviar o cargar material que contenga virus, caballos de Troya, gusanos, bombas de tiempo, registros de pulsaciones de teclado, spyware, adware o cualquier otro programa malicioso o c\u00f3digo inform\u00e1tico similar dise\u00f1ado para afectar adversamente el funcionamiento de cualquier software o hardware.<\/p>\n\n\n\n<p>Queda prohibida la modificaci\u00f3n de otro sitio web de modo de implicar falsamente que est\u00e1 asociado con el Servicio o la Empresa.<\/p>\n\n\n\n<p>Aceptas no reproducir, duplicar, copiar, vender, revender ni explotar ninguna parte del Servicio, el uso del Servicio o el acceso al Servicio sin el permiso previo por escrito de la Empresa.<\/p>\n\n\n\n<p>Podr\u00edamos, pero no tenemos ninguna obligaci\u00f3n de retirar contenido y cuentas que a nuestra sola discreci\u00f3n consideremos ilegales u obscenos, ofensivos, odiosos o inflamatorios o que promuevan material expl\u00edcitamente sexual, violencia, discriminacion basada en raza, sexo, religi\u00f3n, nacionalidad, discapacidad, orientacion sexual o edad o que violen la propiedad intelectual de cualquier parte o estos T\u00e9rminos de Servicio.<\/p>\n\n\n\n<p>El abuso (incluyendo amenazas de abuso o represalias) de cualquier otro cliente del Servicio, empleado o funcionario de la Empresa dar\u00e1 lugar a la terminaci\u00f3n inmediata de la cuenta.<\/p>\n\n\n\n<p>Entiendes que el procesamiento t\u00e9cnico y la transmisi\u00f3n del Servicio, con inclusi\u00f3n de tu contenido, podr\u00e1n transferirse sin encriptaci\u00f3n e implicar (a) transmisi\u00f3n por varias redes; y (b) cambios para ajustarse y adaptarse a los requerimientos t\u00e9cnicos de las redes y dispositivos conectados.<\/p>\n\n\n\n<p>Nos reservamos el derecho de inhabilitar temporalmente tu cuenta si tu uso excede considerablemente tus cuotas de almacenamiento y\/o ancho de banda.<\/p>\n\n\n\n<p>La Empresa no garantiza que (i) el Servicio cumplir\u00e1 con tus necesidades espec\u00edficas, (ii) el Servicio ser\u00e1 ininterrumpido, oportuno, seguro o libre de errores, (iii) los resultados que se puedan obtener del uso del Servicio ser\u00e1n efectivos, exactos o fiables, (iv) la calidad de cualquier producto, servicio, informaci\u00f3n u otro material que hayas adquirido u obtenido a trav\u00e9s del Servicio cumplir\u00e1 tus expectativas y (v) cualquier error en el Servicio ser\u00e1 corregido.<\/p>\n\n\n\n<p>Expresamente entiendes y acuerdas que la Empresa no ser\u00e1 responsable de ning\u00fan da\u00f1o directo, indirecto, incidental, especial, emergente o punitivo, incluyendo pero sin limitaci\u00f3n a da\u00f1os por lucro cesante, p\u00e9rdida de buen nombre, uso, datos u otras p\u00e9rdidas intangibles (aun cuando la Empresa haya sido advertida de la posibilidad de dichos da\u00f1os) resultado de: (i) el uso o la incapacidad de uso del Servicio, (ii) el coste de adquisici\u00f3n de bienes y servicios sustitutos resultado de cualquier bien, dato, informaci\u00f3n o servicios adquiridos u obtenidos o mensajes recibidos o transacciones realizadas de o a trav\u00e9s del Servicio, (iii) acceso o alteraci\u00f3n no autorizados de tus transmisiones o datos, (iv) declaraciones de conducta de cualquier tercero en el Servicio, (v) o cualquier otro asunto relacionado con el Servicio.<\/p>\n\n\n\n<p>El hecho de que la Empresa no ejerza o haga cumplir cualquier derecho o disposici\u00f3n de los T\u00e9rminos de Servicio no constituir\u00e1 una renuncia a tal derecho o disposici\u00f3n.<\/p>\n\n\n\n<p>Las preguntas sobre los T\u00e9rminos de Servicio deber\u00e1n enviarse a <a href=\"mailto:support@heliplan.co.uk\">support@heliplan.co.uk<\/a><\/p>\n\n\n\n<p>Cualquier funci\u00f3n nueva que mejore o realce el Servicio actual, incluyendo la activaci\u00f3n de herramientas y recursos nuevos, estar\u00e1 sujeta a los T\u00e9rminos de Servicio. Continuar utilizando el Servicio despu\u00e9s de cualquiera de tales cambios constituye tu consentimiento a tales cambios.<\/p>","protected":false},"excerpt":{"rendered":"<p>Your use of the Service is at your sole risk. The Service is provided on an \u201cas is\u201d and \u201cas available\u201d basis. Technical support is only provided via email, unless you have an appropriate support contract in place. You understand that the Company may use third party vendors and hosting partners to provide the necessary<\/p>","protected":false},"author":1,"featured_media":0,"parent":0,"menu_order":0,"comment_status":"closed","ping_status":"closed","template":"","meta":{"footnotes":""},"acf":[],"_links":{"self":[{"href":"https:\/\/about.heliplan.co.uk\/es\/wp-json\/wp\/v2\/pages\/1530"}],"collection":[{"href":"https:\/\/about.heliplan.co.uk\/es\/wp-json\/wp\/v2\/pages"}],"about":[{"href":"https:\/\/about.heliplan.co.uk\/es\/wp-json\/wp\/v2\/types\/page"}],"author":[{"embeddable":true,"href":"https:\/\/about.heliplan.co.uk\/es\/wp-json\/wp\/v2\/users\/1"}],"replies":[{"embeddable":true,"href":"https:\/\/about.heliplan.co.uk\/es\/wp-json\/wp\/v2\/comments?post=1530"}],"version-history":[{"count":5,"href":"https:\/\/about.heliplan.co.uk\/es\/wp-json\/wp\/v2\/pages\/1530\/revisions"}],"predecessor-version":[{"id":6537,"href":"https:\/\/about.heliplan.co.uk\/es\/wp-json\/wp\/v2\/pages\/1530\/revisions\/6537"}],"wp:attachment":[{"href":"https:\/\/about.heliplan.co.uk\/es\/wp-json\/wp\/v2\/media?parent=1530"}],"curies":[{"name":"wp","href":"https:\/\/api.w.org\/{rel}","templated":true}]}}